{"id":1749,"date":"2025-10-11T19:14:16","date_gmt":"2025-10-11T19:14:16","guid":{"rendered":"https:\/\/ambox.ma\/?post_type=product&#038;p=1749"},"modified":"2025-10-11T19:14:16","modified_gmt":"2025-10-11T19:14:16","slug":"escentric-molecules-02-fragrance-world","status":"publish","type":"product","link":"https:\/\/ambox.ma\/?product=escentric-molecules-02-fragrance-world","title":{"rendered":"Escentric Molecules 02 &#8211; Fragrance World"},"content":{"rendered":"<ul>\n<li><strong>Notes de t\u00eate : Mandarine, baies de geni\u00e8vre, lime, bergamote<\/strong><\/li>\n<li><strong>Notes de c\u0153ur : Gingembre, freesia, sauge sclar\u00e9e, poivre rose, hedione, iris<\/strong><\/li>\n<li><strong>Notes de fond : Ambroxan, musc, v\u00e9tiver, f\u00e8ve tonka<\/strong><\/li>\n<\/ul>\n","protected":false},"excerpt":{"rendered":"<p>Notes de t\u00eate : Mandarine, baies de geni\u00e8vre, lime, bergamote Notes de c\u0153ur : Gingembre, freesia, sauge sclar\u00e9e, poivre rose,<\/p>\n","protected":false},"featured_media":1750,"comment_status":"open","ping_status":"closed","template":"","meta":[],"product_brand":[76],"product_cat":[73,17],"product_tag":[],"class_list":{"0":"post-1749","1":"product","2":"type-product","3":"status-publish","4":"has-post-thumbnail","6":"product_brand-fragrance-world","7":"product_cat-parfum","8":"product_cat-parfum-homme","10":"first","11":"instock","12":"sale","13":"shipping-taxable","14":"purchasable","15":"product-type-simple"},"yoast_head":"<!-- This site is optimized with the Yoast SEO plugin v25.7 - https:\/\/yoast.com\/wordpress\/plugins\/seo\/ -->\n<title>Escentric Molecules 02 - Fragrance World - Ambox<\/title>\n<meta name=\"robots\" content=\"index, follow, max-snippet:-1, max-image-preview:large, max-video-preview:-1\" \/>\n<link rel=\"canonical\" href=\"https:\/\/ambox.ma\/?product=escentric-molecules-02-fragrance-world\" \/>\n<meta property=\"og:locale\" content=\"fr_FR\" \/>\n<meta property=\"og:type\" content=\"article\" \/>\n<meta property=\"og:title\" content=\"Escentric Molecules 02 - Fragrance World - Ambox\" \/>\n<meta property=\"og:description\" content=\"Notes de t\u00eate : Mandarine, baies de geni\u00e8vre, lime, bergamote Notes de c\u0153ur : Gingembre, freesia, sauge sclar\u00e9e, poivre rose,\" \/>\n<meta property=\"og:url\" content=\"https:\/\/ambox.ma\/?product=escentric-molecules-02-fragrance-world\" \/>\n<meta property=\"og:site_name\" content=\"Ambox\" \/>\n<meta property=\"og:image\" content=\"https:\/\/ambox.ma\/wp-content\/uploads\/2025\/10\/Fragrance-World-Escentric-Molecules-02-Prix-Maroc-Ambox.webp\" \/>\n\t<meta property=\"og:image:width\" content=\"2048\" \/>\n\t<meta property=\"og:image:height\" content=\"2048\" \/>\n\t<meta property=\"og:image:type\" content=\"image\/webp\" \/>\n<meta name=\"twitter:card\" content=\"summary_large_image\" \/>\n<meta name=\"twitter:label1\" content=\"Dur\u00e9e de lecture estim\u00e9e\" \/>\n\t<meta name=\"twitter:data1\" content=\"1 minute\" \/>\n<script type=\"application\/ld+json\" class=\"yoast-schema-graph\">{\"@context\":\"https:\/\/schema.org\",\"@graph\":[{\"@type\":\"WebPage\",\"@id\":\"https:\/\/ambox.ma\/?product=escentric-molecules-02-fragrance-world\",\"url\":\"https:\/\/ambox.ma\/?product=escentric-molecules-02-fragrance-world\",\"name\":\"Escentric Molecules 02 - Fragrance World - Ambox\",\"isPartOf\":{\"@id\":\"https:\/\/ambox.ma\/#website\"},\"primaryImageOfPage\":{\"@id\":\"https:\/\/ambox.ma\/?product=escentric-molecules-02-fragrance-world#primaryimage\"},\"image\":{\"@id\":\"https:\/\/ambox.ma\/?product=escentric-molecules-02-fragrance-world#primaryimage\"},\"thumbnailUrl\":\"https:\/\/ambox.ma\/wp-content\/uploads\/2025\/10\/Fragrance-World-Escentric-Molecules-02-Prix-Maroc-Ambox.webp\",\"datePublished\":\"2025-10-11T19:14:16+00:00\",\"breadcrumb\":{\"@id\":\"https:\/\/ambox.ma\/?product=escentric-molecules-02-fragrance-world#breadcrumb\"},\"inLanguage\":\"fr-FR\",\"potentialAction\":[{\"@type\":\"ReadAction\",\"target\":[\"https:\/\/ambox.ma\/?product=escentric-molecules-02-fragrance-world\"]}]},{\"@type\":\"ImageObject\",\"inLanguage\":\"fr-FR\",\"@id\":\"https:\/\/ambox.ma\/?product=escentric-molecules-02-fragrance-world#primaryimage\",\"url\":\"https:\/\/ambox.ma\/wp-content\/uploads\/2025\/10\/Fragrance-World-Escentric-Molecules-02-Prix-Maroc-Ambox.webp\",\"contentUrl\":\"https:\/\/ambox.ma\/wp-content\/uploads\/2025\/10\/Fragrance-World-Escentric-Molecules-02-Prix-Maroc-Ambox.webp\",\"width\":2048,\"height\":2048},{\"@type\":\"BreadcrumbList\",\"@id\":\"https:\/\/ambox.ma\/?product=escentric-molecules-02-fragrance-world#breadcrumb\",\"itemListElement\":[{\"@type\":\"ListItem\",\"position\":1,\"name\":\"Accueil\",\"item\":\"https:\/\/ambox.ma\/\"},{\"@type\":\"ListItem\",\"position\":2,\"name\":\"Boutique\",\"item\":\"https:\/\/ambox.ma\/?page_id=832\"},{\"@type\":\"ListItem\",\"position\":3,\"name\":\"Escentric Molecules 02 &#8211; Fragrance World\"}]},{\"@type\":\"WebSite\",\"@id\":\"https:\/\/ambox.ma\/#website\",\"url\":\"https:\/\/ambox.ma\/\",\"name\":\"Ambox\",\"description\":\"La touche qui change tout\",\"potentialAction\":[{\"@type\":\"SearchAction\",\"target\":{\"@type\":\"EntryPoint\",\"urlTemplate\":\"https:\/\/ambox.ma\/?s={search_term_string}\"},\"query-input\":{\"@type\":\"PropertyValueSpecification\",\"valueRequired\":true,\"valueName\":\"search_term_string\"}}],\"inLanguage\":\"fr-FR\"}]}<\/script>\n<!-- \/ Yoast SEO plugin. -->","yoast_head_json":{"title":"Escentric Molecules 02 - Fragrance World - Ambox","robots":{"index":"index","follow":"follow","max-snippet":"max-snippet:-1","max-image-preview":"max-image-preview:large","max-video-preview":"max-video-preview:-1"},"canonical":"https:\/\/ambox.ma\/?product=escentric-molecules-02-fragrance-world","og_locale":"fr_FR","og_type":"article","og_title":"Escentric Molecules 02 - Fragrance World - Ambox","og_description":"Notes de t\u00eate : Mandarine, baies de geni\u00e8vre, lime, bergamote Notes de c\u0153ur : Gingembre, freesia, sauge sclar\u00e9e, poivre rose,","og_url":"https:\/\/ambox.ma\/?product=escentric-molecules-02-fragrance-world","og_site_name":"Ambox","og_image":[{"width":2048,"height":2048,"url":"https:\/\/ambox.ma\/wp-content\/uploads\/2025\/10\/Fragrance-World-Escentric-Molecules-02-Prix-Maroc-Ambox.webp","type":"image\/webp"}],"twitter_card":"summary_large_image","twitter_misc":{"Dur\u00e9e de lecture estim\u00e9e":"1 minute"},"schema":{"@context":"https:\/\/schema.org","@graph":[{"@type":"WebPage","@id":"https:\/\/ambox.ma\/?product=escentric-molecules-02-fragrance-world","url":"https:\/\/ambox.ma\/?product=escentric-molecules-02-fragrance-world","name":"Escentric Molecules 02 - Fragrance World - Ambox","isPartOf":{"@id":"https:\/\/ambox.ma\/#website"},"primaryImageOfPage":{"@id":"https:\/\/ambox.ma\/?product=escentric-molecules-02-fragrance-world#primaryimage"},"image":{"@id":"https:\/\/ambox.ma\/?product=escentric-molecules-02-fragrance-world#primaryimage"},"thumbnailUrl":"https:\/\/ambox.ma\/wp-content\/uploads\/2025\/10\/Fragrance-World-Escentric-Molecules-02-Prix-Maroc-Ambox.webp","datePublished":"2025-10-11T19:14:16+00:00","breadcrumb":{"@id":"https:\/\/ambox.ma\/?product=escentric-molecules-02-fragrance-world#breadcrumb"},"inLanguage":"fr-FR","potentialAction":[{"@type":"ReadAction","target":["https:\/\/ambox.ma\/?product=escentric-molecules-02-fragrance-world"]}]},{"@type":"ImageObject","inLanguage":"fr-FR","@id":"https:\/\/ambox.ma\/?product=escentric-molecules-02-fragrance-world#primaryimage","url":"https:\/\/ambox.ma\/wp-content\/uploads\/2025\/10\/Fragrance-World-Escentric-Molecules-02-Prix-Maroc-Ambox.webp","contentUrl":"https:\/\/ambox.ma\/wp-content\/uploads\/2025\/10\/Fragrance-World-Escentric-Molecules-02-Prix-Maroc-Ambox.webp","width":2048,"height":2048},{"@type":"BreadcrumbList","@id":"https:\/\/ambox.ma\/?product=escentric-molecules-02-fragrance-world#breadcrumb","itemListElement":[{"@type":"ListItem","position":1,"name":"Accueil","item":"https:\/\/ambox.ma\/"},{"@type":"ListItem","position":2,"name":"Boutique","item":"https:\/\/ambox.ma\/?page_id=832"},{"@type":"ListItem","position":3,"name":"Escentric Molecules 02 &#8211; Fragrance World"}]},{"@type":"WebSite","@id":"https:\/\/ambox.ma\/#website","url":"https:\/\/ambox.ma\/","name":"Ambox","description":"La touche qui change tout","potentialAction":[{"@type":"SearchAction","target":{"@type":"EntryPoint","urlTemplate":"https:\/\/ambox.ma\/?s={search_term_string}"},"query-input":{"@type":"PropertyValueSpecification","valueRequired":true,"valueName":"search_term_string"}}],"inLanguage":"fr-FR"}]}},"_links":{"self":[{"href":"https:\/\/ambox.ma\/index.php?rest_route=\/wp\/v2\/product\/1749","targetHints":{"allow":["GET"]}}],"collection":[{"href":"https:\/\/ambox.ma\/index.php?rest_route=\/wp\/v2\/product"}],"about":[{"href":"https:\/\/ambox.ma\/index.php?rest_route=\/wp\/v2\/types\/product"}],"replies":[{"embeddable":true,"href":"https:\/\/ambox.ma\/index.php?rest_route=%2Fwp%2Fv2%2Fcomments&post=1749"}],"version-history":[{"count":1,"href":"https:\/\/ambox.ma\/index.php?rest_route=\/wp\/v2\/product\/1749\/revisions"}],"predecessor-version":[{"id":1751,"href":"https:\/\/ambox.ma\/index.php?rest_route=\/wp\/v2\/product\/1749\/revisions\/1751"}],"wp:featuredmedia":[{"embeddable":true,"href":"https:\/\/ambox.ma\/index.php?rest_route=\/wp\/v2\/media\/1750"}],"wp:attachment":[{"href":"https:\/\/ambox.ma\/index.php?rest_route=%2Fwp%2Fv2%2Fmedia&parent=1749"}],"wp:term":[{"taxonomy":"product_brand","embeddable":true,"href":"https:\/\/ambox.ma\/index.php?rest_route=%2Fwp%2Fv2%2Fproduct_brand&post=1749"},{"taxonomy":"product_cat","embeddable":true,"href":"https:\/\/ambox.ma\/index.php?rest_route=%2Fwp%2Fv2%2Fproduct_cat&post=1749"},{"taxonomy":"product_tag","embeddable":true,"href":"https:\/\/ambox.ma\/index.php?rest_route=%2Fwp%2Fv2%2Fproduct_tag&post=1749"}],"curies":[{"name":"wp","href":"https:\/\/api.w.org\/{rel}","templated":true}]}}