{"id":1798,"date":"2025-10-12T06:54:44","date_gmt":"2025-10-12T06:54:44","guid":{"rendered":"https:\/\/ambox.ma\/?post_type=product&#038;p=1798"},"modified":"2025-10-12T06:54:44","modified_gmt":"2025-10-12T06:54:44","slug":"qaed-al-fursan-untamed-lattafa","status":"publish","type":"product","link":"https:\/\/ambox.ma\/?product=qaed-al-fursan-untamed-lattafa","title":{"rendered":"Qaed Al Fursan Untamed &#8211; Lattafa"},"content":{"rendered":"<ul>\n<li><strong>Notes de t\u00eate :<\/strong> Cannelle, Mandarine, Noix de muscade, Cardamome.<\/li>\n<li><strong>Notes de c\u0153ur :<\/strong> Caramel, Lavande, G\u00e9ranium, Sauge sclar\u00e9e, Cypr\u00e8s.<\/li>\n<li><strong>Notes de fond :<\/strong> Ciste, R\u00e9sine oliban, Ambre, C\u00e8dre, V\u00e9tiver.<\/li>\n<\/ul>\n<p><strong>Dupe :<\/strong> VERSACE EROS NAJIM<\/p>\n","protected":false},"excerpt":{"rendered":"<p>Notes de t\u00eate : Cannelle, Mandarine, Noix de muscade, Cardamome. Notes de c\u0153ur : Caramel, Lavande, G\u00e9ranium, Sauge sclar\u00e9e, Cypr\u00e8s.<\/p>\n","protected":false},"featured_media":1799,"comment_status":"open","ping_status":"closed","template":"","meta":[],"product_brand":[78],"product_cat":[17],"product_tag":[],"class_list":{"0":"post-1798","1":"product","2":"type-product","3":"status-publish","4":"has-post-thumbnail","6":"product_brand-lattafa","7":"product_cat-parfum-homme","9":"first","10":"instock","11":"sale","12":"shipping-taxable","13":"purchasable","14":"product-type-simple"},"yoast_head":"<!-- This site is optimized with the Yoast SEO plugin v25.7 - https:\/\/yoast.com\/wordpress\/plugins\/seo\/ -->\n<title>Qaed Al Fursan Untamed - Lattafa - Ambox<\/title>\n<meta name=\"robots\" content=\"index, follow, max-snippet:-1, max-image-preview:large, max-video-preview:-1\" \/>\n<link rel=\"canonical\" href=\"https:\/\/ambox.ma\/?product=qaed-al-fursan-untamed-lattafa\" \/>\n<meta property=\"og:locale\" content=\"fr_FR\" \/>\n<meta property=\"og:type\" content=\"article\" \/>\n<meta property=\"og:title\" content=\"Qaed Al Fursan Untamed - Lattafa - Ambox\" \/>\n<meta property=\"og:description\" content=\"Notes de t\u00eate : Cannelle, Mandarine, Noix de muscade, Cardamome. Notes de c\u0153ur : Caramel, Lavande, G\u00e9ranium, Sauge sclar\u00e9e, Cypr\u00e8s.\" \/>\n<meta property=\"og:url\" content=\"https:\/\/ambox.ma\/?product=qaed-al-fursan-untamed-lattafa\" \/>\n<meta property=\"og:site_name\" content=\"Ambox\" \/>\n<meta property=\"og:image\" content=\"https:\/\/ambox.ma\/wp-content\/uploads\/2025\/10\/Qaed-Al-Fursan-Untamed-Lattafa-Prix-Maroc-Ambox.webp\" \/>\n\t<meta property=\"og:image:width\" content=\"2048\" \/>\n\t<meta property=\"og:image:height\" content=\"2048\" \/>\n\t<meta property=\"og:image:type\" content=\"image\/webp\" \/>\n<meta name=\"twitter:card\" content=\"summary_large_image\" \/>\n<meta name=\"twitter:label1\" content=\"Dur\u00e9e de lecture estim\u00e9e\" \/>\n\t<meta name=\"twitter:data1\" content=\"1 minute\" \/>\n<script type=\"application\/ld+json\" class=\"yoast-schema-graph\">{\"@context\":\"https:\/\/schema.org\",\"@graph\":[{\"@type\":\"WebPage\",\"@id\":\"https:\/\/ambox.ma\/?product=qaed-al-fursan-untamed-lattafa\",\"url\":\"https:\/\/ambox.ma\/?product=qaed-al-fursan-untamed-lattafa\",\"name\":\"Qaed Al Fursan Untamed - Lattafa - Ambox\",\"isPartOf\":{\"@id\":\"https:\/\/ambox.ma\/#website\"},\"primaryImageOfPage\":{\"@id\":\"https:\/\/ambox.ma\/?product=qaed-al-fursan-untamed-lattafa#primaryimage\"},\"image\":{\"@id\":\"https:\/\/ambox.ma\/?product=qaed-al-fursan-untamed-lattafa#primaryimage\"},\"thumbnailUrl\":\"https:\/\/ambox.ma\/wp-content\/uploads\/2025\/10\/Qaed-Al-Fursan-Untamed-Lattafa-Prix-Maroc-Ambox.webp\",\"datePublished\":\"2025-10-12T06:54:44+00:00\",\"breadcrumb\":{\"@id\":\"https:\/\/ambox.ma\/?product=qaed-al-fursan-untamed-lattafa#breadcrumb\"},\"inLanguage\":\"fr-FR\",\"potentialAction\":[{\"@type\":\"ReadAction\",\"target\":[\"https:\/\/ambox.ma\/?product=qaed-al-fursan-untamed-lattafa\"]}]},{\"@type\":\"ImageObject\",\"inLanguage\":\"fr-FR\",\"@id\":\"https:\/\/ambox.ma\/?product=qaed-al-fursan-untamed-lattafa#primaryimage\",\"url\":\"https:\/\/ambox.ma\/wp-content\/uploads\/2025\/10\/Qaed-Al-Fursan-Untamed-Lattafa-Prix-Maroc-Ambox.webp\",\"contentUrl\":\"https:\/\/ambox.ma\/wp-content\/uploads\/2025\/10\/Qaed-Al-Fursan-Untamed-Lattafa-Prix-Maroc-Ambox.webp\",\"width\":2048,\"height\":2048},{\"@type\":\"BreadcrumbList\",\"@id\":\"https:\/\/ambox.ma\/?product=qaed-al-fursan-untamed-lattafa#breadcrumb\",\"itemListElement\":[{\"@type\":\"ListItem\",\"position\":1,\"name\":\"Accueil\",\"item\":\"https:\/\/ambox.ma\/\"},{\"@type\":\"ListItem\",\"position\":2,\"name\":\"Boutique\",\"item\":\"https:\/\/ambox.ma\/?page_id=832\"},{\"@type\":\"ListItem\",\"position\":3,\"name\":\"Qaed Al Fursan Untamed &#8211; Lattafa\"}]},{\"@type\":\"WebSite\",\"@id\":\"https:\/\/ambox.ma\/#website\",\"url\":\"https:\/\/ambox.ma\/\",\"name\":\"Ambox\",\"description\":\"La touche qui change tout\",\"potentialAction\":[{\"@type\":\"SearchAction\",\"target\":{\"@type\":\"EntryPoint\",\"urlTemplate\":\"https:\/\/ambox.ma\/?s={search_term_string}\"},\"query-input\":{\"@type\":\"PropertyValueSpecification\",\"valueRequired\":true,\"valueName\":\"search_term_string\"}}],\"inLanguage\":\"fr-FR\"}]}<\/script>\n<!-- \/ Yoast SEO plugin. -->","yoast_head_json":{"title":"Qaed Al Fursan Untamed - Lattafa - Ambox","robots":{"index":"index","follow":"follow","max-snippet":"max-snippet:-1","max-image-preview":"max-image-preview:large","max-video-preview":"max-video-preview:-1"},"canonical":"https:\/\/ambox.ma\/?product=qaed-al-fursan-untamed-lattafa","og_locale":"fr_FR","og_type":"article","og_title":"Qaed Al Fursan Untamed - Lattafa - Ambox","og_description":"Notes de t\u00eate : Cannelle, Mandarine, Noix de muscade, Cardamome. Notes de c\u0153ur : Caramel, Lavande, G\u00e9ranium, Sauge sclar\u00e9e, Cypr\u00e8s.","og_url":"https:\/\/ambox.ma\/?product=qaed-al-fursan-untamed-lattafa","og_site_name":"Ambox","og_image":[{"width":2048,"height":2048,"url":"https:\/\/ambox.ma\/wp-content\/uploads\/2025\/10\/Qaed-Al-Fursan-Untamed-Lattafa-Prix-Maroc-Ambox.webp","type":"image\/webp"}],"twitter_card":"summary_large_image","twitter_misc":{"Dur\u00e9e de lecture estim\u00e9e":"1 minute"},"schema":{"@context":"https:\/\/schema.org","@graph":[{"@type":"WebPage","@id":"https:\/\/ambox.ma\/?product=qaed-al-fursan-untamed-lattafa","url":"https:\/\/ambox.ma\/?product=qaed-al-fursan-untamed-lattafa","name":"Qaed Al Fursan Untamed - Lattafa - Ambox","isPartOf":{"@id":"https:\/\/ambox.ma\/#website"},"primaryImageOfPage":{"@id":"https:\/\/ambox.ma\/?product=qaed-al-fursan-untamed-lattafa#primaryimage"},"image":{"@id":"https:\/\/ambox.ma\/?product=qaed-al-fursan-untamed-lattafa#primaryimage"},"thumbnailUrl":"https:\/\/ambox.ma\/wp-content\/uploads\/2025\/10\/Qaed-Al-Fursan-Untamed-Lattafa-Prix-Maroc-Ambox.webp","datePublished":"2025-10-12T06:54:44+00:00","breadcrumb":{"@id":"https:\/\/ambox.ma\/?product=qaed-al-fursan-untamed-lattafa#breadcrumb"},"inLanguage":"fr-FR","potentialAction":[{"@type":"ReadAction","target":["https:\/\/ambox.ma\/?product=qaed-al-fursan-untamed-lattafa"]}]},{"@type":"ImageObject","inLanguage":"fr-FR","@id":"https:\/\/ambox.ma\/?product=qaed-al-fursan-untamed-lattafa#primaryimage","url":"https:\/\/ambox.ma\/wp-content\/uploads\/2025\/10\/Qaed-Al-Fursan-Untamed-Lattafa-Prix-Maroc-Ambox.webp","contentUrl":"https:\/\/ambox.ma\/wp-content\/uploads\/2025\/10\/Qaed-Al-Fursan-Untamed-Lattafa-Prix-Maroc-Ambox.webp","width":2048,"height":2048},{"@type":"BreadcrumbList","@id":"https:\/\/ambox.ma\/?product=qaed-al-fursan-untamed-lattafa#breadcrumb","itemListElement":[{"@type":"ListItem","position":1,"name":"Accueil","item":"https:\/\/ambox.ma\/"},{"@type":"ListItem","position":2,"name":"Boutique","item":"https:\/\/ambox.ma\/?page_id=832"},{"@type":"ListItem","position":3,"name":"Qaed Al Fursan Untamed &#8211; Lattafa"}]},{"@type":"WebSite","@id":"https:\/\/ambox.ma\/#website","url":"https:\/\/ambox.ma\/","name":"Ambox","description":"La touche qui change tout","potentialAction":[{"@type":"SearchAction","target":{"@type":"EntryPoint","urlTemplate":"https:\/\/ambox.ma\/?s={search_term_string}"},"query-input":{"@type":"PropertyValueSpecification","valueRequired":true,"valueName":"search_term_string"}}],"inLanguage":"fr-FR"}]}},"_links":{"self":[{"href":"https:\/\/ambox.ma\/index.php?rest_route=\/wp\/v2\/product\/1798","targetHints":{"allow":["GET"]}}],"collection":[{"href":"https:\/\/ambox.ma\/index.php?rest_route=\/wp\/v2\/product"}],"about":[{"href":"https:\/\/ambox.ma\/index.php?rest_route=\/wp\/v2\/types\/product"}],"replies":[{"embeddable":true,"href":"https:\/\/ambox.ma\/index.php?rest_route=%2Fwp%2Fv2%2Fcomments&post=1798"}],"version-history":[{"count":1,"href":"https:\/\/ambox.ma\/index.php?rest_route=\/wp\/v2\/product\/1798\/revisions"}],"predecessor-version":[{"id":1800,"href":"https:\/\/ambox.ma\/index.php?rest_route=\/wp\/v2\/product\/1798\/revisions\/1800"}],"wp:featuredmedia":[{"embeddable":true,"href":"https:\/\/ambox.ma\/index.php?rest_route=\/wp\/v2\/media\/1799"}],"wp:attachment":[{"href":"https:\/\/ambox.ma\/index.php?rest_route=%2Fwp%2Fv2%2Fmedia&parent=1798"}],"wp:term":[{"taxonomy":"product_brand","embeddable":true,"href":"https:\/\/ambox.ma\/index.php?rest_route=%2Fwp%2Fv2%2Fproduct_brand&post=1798"},{"taxonomy":"product_cat","embeddable":true,"href":"https:\/\/ambox.ma\/index.php?rest_route=%2Fwp%2Fv2%2Fproduct_cat&post=1798"},{"taxonomy":"product_tag","embeddable":true,"href":"https:\/\/ambox.ma\/index.php?rest_route=%2Fwp%2Fv2%2Fproduct_tag&post=1798"}],"curies":[{"name":"wp","href":"https:\/\/api.w.org\/{rel}","templated":true}]}}