{"id":211,"date":"2025-05-22T14:10:40","date_gmt":"2025-05-22T14:10:40","guid":{"rendered":"https:\/\/ambox.ma\/?post_type=product&#038;p=211"},"modified":"2025-07-11T16:55:39","modified_gmt":"2025-07-11T16:55:39","slug":"fakhar-lattafa-gold-lattafa","status":"publish","type":"product","link":"https:\/\/ambox.ma\/?product=fakhar-lattafa-gold-lattafa","title":{"rendered":"Fakhar Lattafa Gold &#8211; Lattafa"},"content":{"rendered":"<div class=\"RCMv9e\">\n<div class=\"cS4Vcb-pGL6qe-ysgGef\">\n<div class=\"YsKaW btTgYb\">\n<div>\n<ul>\n<li>Notes de t\u00eate: <strong>Fruits, Lys, Grenade, Ald\u00e9hydes<\/strong><\/li>\n<li>Notes de coeur: <strong>Tub\u00e9reuse, Jasmin, Gard\u00e9nia, Ch\u00e8vrefeuille, Ylang-ylang, Rose, Pivoine<\/strong><\/li>\n<li>Notes de Fond: <strong>Vanille, Musc blanc, Ambroxan, Bois de santal<\/strong><\/li>\n<\/ul>\n<p>Dupe : L&rsquo;interdit<\/p>\n<\/div>\n<\/div>\n<\/div>\n<\/div>\n","protected":false},"excerpt":{"rendered":"<p>Notes de t\u00eate: Fruits, Lys, Grenade, Ald\u00e9hydes Notes de coeur: Tub\u00e9reuse, Jasmin, Gard\u00e9nia, Ch\u00e8vrefeuille, Ylang-ylang, Rose, Pivoine Notes de Fond:<\/p>\n","protected":false},"featured_media":1583,"comment_status":"open","ping_status":"closed","template":"","meta":[],"product_brand":[78],"product_cat":[73,16],"product_tag":[],"class_list":{"0":"post-211","1":"product","2":"type-product","3":"status-publish","4":"has-post-thumbnail","6":"product_brand-lattafa","7":"product_cat-parfum","8":"product_cat-parfum-femme","10":"first","11":"instock","12":"sale","13":"shipping-taxable","14":"purchasable","15":"product-type-simple"},"yoast_head":"<!-- This site is optimized with the Yoast SEO plugin v25.7 - https:\/\/yoast.com\/wordpress\/plugins\/seo\/ -->\n<title>Fakhar Lattafa Gold - Lattafa - Ambox<\/title>\n<meta name=\"robots\" content=\"index, follow, max-snippet:-1, max-image-preview:large, max-video-preview:-1\" \/>\n<link rel=\"canonical\" href=\"https:\/\/ambox.ma\/?product=fakhar-lattafa-gold-lattafa\" \/>\n<meta property=\"og:locale\" content=\"fr_FR\" \/>\n<meta property=\"og:type\" content=\"article\" \/>\n<meta property=\"og:title\" content=\"Fakhar Lattafa Gold - Lattafa - Ambox\" \/>\n<meta property=\"og:description\" content=\"Notes de t\u00eate: Fruits, Lys, Grenade, Ald\u00e9hydes Notes de coeur: Tub\u00e9reuse, Jasmin, Gard\u00e9nia, Ch\u00e8vrefeuille, Ylang-ylang, Rose, Pivoine Notes de Fond:\" \/>\n<meta property=\"og:url\" content=\"https:\/\/ambox.ma\/?product=fakhar-lattafa-gold-lattafa\" \/>\n<meta property=\"og:site_name\" content=\"Ambox\" \/>\n<meta property=\"article:modified_time\" content=\"2025-07-11T16:55:39+00:00\" \/>\n<meta property=\"og:image\" content=\"https:\/\/ambox.ma\/wp-content\/uploads\/2025\/05\/FAKHAR_LATTAFA_WOMEN_N_BLANC_EAU_DE_PARFUM_100_ML.jpg.webp\" \/>\n\t<meta property=\"og:image:width\" content=\"700\" \/>\n\t<meta property=\"og:image:height\" content=\"700\" \/>\n\t<meta property=\"og:image:type\" content=\"image\/webp\" \/>\n<meta name=\"twitter:card\" content=\"summary_large_image\" \/>\n<meta name=\"twitter:label1\" content=\"Dur\u00e9e de lecture estim\u00e9e\" \/>\n\t<meta name=\"twitter:data1\" content=\"1 minute\" \/>\n<script type=\"application\/ld+json\" class=\"yoast-schema-graph\">{\"@context\":\"https:\/\/schema.org\",\"@graph\":[{\"@type\":\"WebPage\",\"@id\":\"https:\/\/ambox.ma\/?product=fakhar-lattafa-gold-lattafa\",\"url\":\"https:\/\/ambox.ma\/?product=fakhar-lattafa-gold-lattafa\",\"name\":\"Fakhar Lattafa Gold - Lattafa - Ambox\",\"isPartOf\":{\"@id\":\"https:\/\/ambox.ma\/#website\"},\"primaryImageOfPage\":{\"@id\":\"https:\/\/ambox.ma\/?product=fakhar-lattafa-gold-lattafa#primaryimage\"},\"image\":{\"@id\":\"https:\/\/ambox.ma\/?product=fakhar-lattafa-gold-lattafa#primaryimage\"},\"thumbnailUrl\":\"https:\/\/ambox.ma\/wp-content\/uploads\/2025\/05\/Fakhar-Lattafa-Gold-\u2013-Lattafa-Maroc-Ambox.webp\",\"datePublished\":\"2025-05-22T14:10:40+00:00\",\"dateModified\":\"2025-07-11T16:55:39+00:00\",\"breadcrumb\":{\"@id\":\"https:\/\/ambox.ma\/?product=fakhar-lattafa-gold-lattafa#breadcrumb\"},\"inLanguage\":\"fr-FR\",\"potentialAction\":[{\"@type\":\"ReadAction\",\"target\":[\"https:\/\/ambox.ma\/?product=fakhar-lattafa-gold-lattafa\"]}]},{\"@type\":\"ImageObject\",\"inLanguage\":\"fr-FR\",\"@id\":\"https:\/\/ambox.ma\/?product=fakhar-lattafa-gold-lattafa#primaryimage\",\"url\":\"https:\/\/ambox.ma\/wp-content\/uploads\/2025\/05\/Fakhar-Lattafa-Gold-\u2013-Lattafa-Maroc-Ambox.webp\",\"contentUrl\":\"https:\/\/ambox.ma\/wp-content\/uploads\/2025\/05\/Fakhar-Lattafa-Gold-\u2013-Lattafa-Maroc-Ambox.webp\",\"width\":2048,\"height\":2048},{\"@type\":\"BreadcrumbList\",\"@id\":\"https:\/\/ambox.ma\/?product=fakhar-lattafa-gold-lattafa#breadcrumb\",\"itemListElement\":[{\"@type\":\"ListItem\",\"position\":1,\"name\":\"Accueil\",\"item\":\"https:\/\/ambox.ma\/\"},{\"@type\":\"ListItem\",\"position\":2,\"name\":\"Boutique\",\"item\":\"https:\/\/ambox.ma\/?page_id=832\"},{\"@type\":\"ListItem\",\"position\":3,\"name\":\"Fakhar Lattafa Gold &#8211; Lattafa\"}]},{\"@type\":\"WebSite\",\"@id\":\"https:\/\/ambox.ma\/#website\",\"url\":\"https:\/\/ambox.ma\/\",\"name\":\"Ambox\",\"description\":\"La touche qui change tout\",\"potentialAction\":[{\"@type\":\"SearchAction\",\"target\":{\"@type\":\"EntryPoint\",\"urlTemplate\":\"https:\/\/ambox.ma\/?s={search_term_string}\"},\"query-input\":{\"@type\":\"PropertyValueSpecification\",\"valueRequired\":true,\"valueName\":\"search_term_string\"}}],\"inLanguage\":\"fr-FR\"}]}<\/script>\n<!-- \/ Yoast SEO plugin. -->","yoast_head_json":{"title":"Fakhar Lattafa Gold - Lattafa - Ambox","robots":{"index":"index","follow":"follow","max-snippet":"max-snippet:-1","max-image-preview":"max-image-preview:large","max-video-preview":"max-video-preview:-1"},"canonical":"https:\/\/ambox.ma\/?product=fakhar-lattafa-gold-lattafa","og_locale":"fr_FR","og_type":"article","og_title":"Fakhar Lattafa Gold - Lattafa - Ambox","og_description":"Notes de t\u00eate: Fruits, Lys, Grenade, Ald\u00e9hydes Notes de coeur: Tub\u00e9reuse, Jasmin, Gard\u00e9nia, Ch\u00e8vrefeuille, Ylang-ylang, Rose, Pivoine Notes de Fond:","og_url":"https:\/\/ambox.ma\/?product=fakhar-lattafa-gold-lattafa","og_site_name":"Ambox","article_modified_time":"2025-07-11T16:55:39+00:00","og_image":[{"width":700,"height":700,"url":"https:\/\/ambox.ma\/wp-content\/uploads\/2025\/05\/FAKHAR_LATTAFA_WOMEN_N_BLANC_EAU_DE_PARFUM_100_ML.jpg.webp","type":"image\/webp"}],"twitter_card":"summary_large_image","twitter_misc":{"Dur\u00e9e de lecture estim\u00e9e":"1 minute"},"schema":{"@context":"https:\/\/schema.org","@graph":[{"@type":"WebPage","@id":"https:\/\/ambox.ma\/?product=fakhar-lattafa-gold-lattafa","url":"https:\/\/ambox.ma\/?product=fakhar-lattafa-gold-lattafa","name":"Fakhar Lattafa Gold - Lattafa - Ambox","isPartOf":{"@id":"https:\/\/ambox.ma\/#website"},"primaryImageOfPage":{"@id":"https:\/\/ambox.ma\/?product=fakhar-lattafa-gold-lattafa#primaryimage"},"image":{"@id":"https:\/\/ambox.ma\/?product=fakhar-lattafa-gold-lattafa#primaryimage"},"thumbnailUrl":"https:\/\/ambox.ma\/wp-content\/uploads\/2025\/05\/Fakhar-Lattafa-Gold-\u2013-Lattafa-Maroc-Ambox.webp","datePublished":"2025-05-22T14:10:40+00:00","dateModified":"2025-07-11T16:55:39+00:00","breadcrumb":{"@id":"https:\/\/ambox.ma\/?product=fakhar-lattafa-gold-lattafa#breadcrumb"},"inLanguage":"fr-FR","potentialAction":[{"@type":"ReadAction","target":["https:\/\/ambox.ma\/?product=fakhar-lattafa-gold-lattafa"]}]},{"@type":"ImageObject","inLanguage":"fr-FR","@id":"https:\/\/ambox.ma\/?product=fakhar-lattafa-gold-lattafa#primaryimage","url":"https:\/\/ambox.ma\/wp-content\/uploads\/2025\/05\/Fakhar-Lattafa-Gold-\u2013-Lattafa-Maroc-Ambox.webp","contentUrl":"https:\/\/ambox.ma\/wp-content\/uploads\/2025\/05\/Fakhar-Lattafa-Gold-\u2013-Lattafa-Maroc-Ambox.webp","width":2048,"height":2048},{"@type":"BreadcrumbList","@id":"https:\/\/ambox.ma\/?product=fakhar-lattafa-gold-lattafa#breadcrumb","itemListElement":[{"@type":"ListItem","position":1,"name":"Accueil","item":"https:\/\/ambox.ma\/"},{"@type":"ListItem","position":2,"name":"Boutique","item":"https:\/\/ambox.ma\/?page_id=832"},{"@type":"ListItem","position":3,"name":"Fakhar Lattafa Gold &#8211; Lattafa"}]},{"@type":"WebSite","@id":"https:\/\/ambox.ma\/#website","url":"https:\/\/ambox.ma\/","name":"Ambox","description":"La touche qui change tout","potentialAction":[{"@type":"SearchAction","target":{"@type":"EntryPoint","urlTemplate":"https:\/\/ambox.ma\/?s={search_term_string}"},"query-input":{"@type":"PropertyValueSpecification","valueRequired":true,"valueName":"search_term_string"}}],"inLanguage":"fr-FR"}]}},"_links":{"self":[{"href":"https:\/\/ambox.ma\/index.php?rest_route=\/wp\/v2\/product\/211","targetHints":{"allow":["GET"]}}],"collection":[{"href":"https:\/\/ambox.ma\/index.php?rest_route=\/wp\/v2\/product"}],"about":[{"href":"https:\/\/ambox.ma\/index.php?rest_route=\/wp\/v2\/types\/product"}],"replies":[{"embeddable":true,"href":"https:\/\/ambox.ma\/index.php?rest_route=%2Fwp%2Fv2%2Fcomments&post=211"}],"version-history":[{"count":1,"href":"https:\/\/ambox.ma\/index.php?rest_route=\/wp\/v2\/product\/211\/revisions"}],"predecessor-version":[{"id":1055,"href":"https:\/\/ambox.ma\/index.php?rest_route=\/wp\/v2\/product\/211\/revisions\/1055"}],"wp:featuredmedia":[{"embeddable":true,"href":"https:\/\/ambox.ma\/index.php?rest_route=\/wp\/v2\/media\/1583"}],"wp:attachment":[{"href":"https:\/\/ambox.ma\/index.php?rest_route=%2Fwp%2Fv2%2Fmedia&parent=211"}],"wp:term":[{"taxonomy":"product_brand","embeddable":true,"href":"https:\/\/ambox.ma\/index.php?rest_route=%2Fwp%2Fv2%2Fproduct_brand&post=211"},{"taxonomy":"product_cat","embeddable":true,"href":"https:\/\/ambox.ma\/index.php?rest_route=%2Fwp%2Fv2%2Fproduct_cat&post=211"},{"taxonomy":"product_tag","embeddable":true,"href":"https:\/\/ambox.ma\/index.php?rest_route=%2Fwp%2Fv2%2Fproduct_tag&post=211"}],"curies":[{"name":"wp","href":"https:\/\/api.w.org\/{rel}","templated":true}]}}