{"id":339,"date":"2025-05-24T09:56:41","date_gmt":"2025-05-24T09:56:41","guid":{"rendered":"https:\/\/ambox.ma\/?post_type=product&#038;p=339"},"modified":"2025-06-07T16:15:54","modified_gmt":"2025-06-07T16:15:54","slug":"omani-bakhour-almas","status":"publish","type":"product","link":"https:\/\/ambox.ma\/?product=omani-bakhour-almas","title":{"rendered":"Omani Bakhour &#8211; Almas"},"content":{"rendered":"<p>Les b\u00e2tons d&rsquo;encens br\u00fblent lentement pour augmenter l&rsquo;efficacit\u00e9 de la combustion<\/p>\n<ul>\n<li>Taille : 40 grammes<\/li>\n<li>Type : encens<\/li>\n<\/ul>\n","protected":false},"excerpt":{"rendered":"<p>Les b\u00e2tons d&rsquo;encens br\u00fblent lentement pour augmenter l&rsquo;efficacit\u00e9 de la combustion Taille : 40 grammes Type : encens<\/p>\n","protected":false},"featured_media":0,"comment_status":"open","ping_status":"closed","template":"","meta":[],"product_brand":[92],"product_cat":[21],"product_tag":[],"class_list":{"0":"post-339","1":"product","2":"type-product","3":"status-publish","5":"product_brand-almas","6":"product_cat-bakhoor","8":"first","9":"instock","10":"shipping-taxable","11":"purchasable","12":"product-type-simple"},"yoast_head":"<!-- This site is optimized with the Yoast SEO plugin v25.7 - https:\/\/yoast.com\/wordpress\/plugins\/seo\/ -->\n<title>Omani Bakhour - Almas - Ambox<\/title>\n<meta name=\"robots\" content=\"index, follow, max-snippet:-1, max-image-preview:large, max-video-preview:-1\" \/>\n<link rel=\"canonical\" href=\"https:\/\/ambox.ma\/?product=omani-bakhour-almas\" \/>\n<meta property=\"og:locale\" content=\"fr_FR\" \/>\n<meta property=\"og:type\" content=\"article\" \/>\n<meta property=\"og:title\" content=\"Omani Bakhour - Almas - Ambox\" \/>\n<meta property=\"og:description\" content=\"Les b\u00e2tons d&rsquo;encens br\u00fblent lentement pour augmenter l&rsquo;efficacit\u00e9 de la combustion Taille : 40 grammes Type : encens\" \/>\n<meta property=\"og:url\" content=\"https:\/\/ambox.ma\/?product=omani-bakhour-almas\" \/>\n<meta property=\"og:site_name\" content=\"Ambox\" \/>\n<meta property=\"article:modified_time\" content=\"2025-06-07T16:15:54+00:00\" \/>\n<meta property=\"og:image\" content=\"https:\/\/ambox.ma\/wp-content\/uploads\/2025\/05\/51ZeVP9VocL._AC_UF10001000_QL80_.jpg\" \/>\n\t<meta property=\"og:image:width\" content=\"1000\" \/>\n\t<meta property=\"og:image:height\" content=\"898\" \/>\n\t<meta property=\"og:image:type\" content=\"image\/jpeg\" \/>\n<meta name=\"twitter:card\" content=\"summary_large_image\" \/>\n<meta name=\"twitter:label1\" content=\"Dur\u00e9e de lecture estim\u00e9e\" \/>\n\t<meta name=\"twitter:data1\" content=\"1 minute\" \/>\n<script type=\"application\/ld+json\" class=\"yoast-schema-graph\">{\"@context\":\"https:\/\/schema.org\",\"@graph\":[{\"@type\":\"WebPage\",\"@id\":\"https:\/\/ambox.ma\/?product=omani-bakhour-almas\",\"url\":\"https:\/\/ambox.ma\/?product=omani-bakhour-almas\",\"name\":\"Omani Bakhour - Almas - Ambox\",\"isPartOf\":{\"@id\":\"https:\/\/ambox.ma\/#website\"},\"datePublished\":\"2025-05-24T09:56:41+00:00\",\"dateModified\":\"2025-06-07T16:15:54+00:00\",\"breadcrumb\":{\"@id\":\"https:\/\/ambox.ma\/?product=omani-bakhour-almas#breadcrumb\"},\"inLanguage\":\"fr-FR\",\"potentialAction\":[{\"@type\":\"ReadAction\",\"target\":[\"https:\/\/ambox.ma\/?product=omani-bakhour-almas\"]}]},{\"@type\":\"BreadcrumbList\",\"@id\":\"https:\/\/ambox.ma\/?product=omani-bakhour-almas#breadcrumb\",\"itemListElement\":[{\"@type\":\"ListItem\",\"position\":1,\"name\":\"Accueil\",\"item\":\"https:\/\/ambox.ma\/\"},{\"@type\":\"ListItem\",\"position\":2,\"name\":\"Boutique\",\"item\":\"https:\/\/ambox.ma\/?page_id=832\"},{\"@type\":\"ListItem\",\"position\":3,\"name\":\"Omani Bakhour &#8211; Almas\"}]},{\"@type\":\"WebSite\",\"@id\":\"https:\/\/ambox.ma\/#website\",\"url\":\"https:\/\/ambox.ma\/\",\"name\":\"Ambox\",\"description\":\"La touche qui change tout\",\"potentialAction\":[{\"@type\":\"SearchAction\",\"target\":{\"@type\":\"EntryPoint\",\"urlTemplate\":\"https:\/\/ambox.ma\/?s={search_term_string}\"},\"query-input\":{\"@type\":\"PropertyValueSpecification\",\"valueRequired\":true,\"valueName\":\"search_term_string\"}}],\"inLanguage\":\"fr-FR\"}]}<\/script>\n<!-- \/ Yoast SEO plugin. -->","yoast_head_json":{"title":"Omani Bakhour - Almas - Ambox","robots":{"index":"index","follow":"follow","max-snippet":"max-snippet:-1","max-image-preview":"max-image-preview:large","max-video-preview":"max-video-preview:-1"},"canonical":"https:\/\/ambox.ma\/?product=omani-bakhour-almas","og_locale":"fr_FR","og_type":"article","og_title":"Omani Bakhour - Almas - Ambox","og_description":"Les b\u00e2tons d&rsquo;encens br\u00fblent lentement pour augmenter l&rsquo;efficacit\u00e9 de la combustion Taille : 40 grammes Type : encens","og_url":"https:\/\/ambox.ma\/?product=omani-bakhour-almas","og_site_name":"Ambox","article_modified_time":"2025-06-07T16:15:54+00:00","og_image":[{"width":1000,"height":898,"url":"https:\/\/ambox.ma\/wp-content\/uploads\/2025\/05\/51ZeVP9VocL._AC_UF10001000_QL80_.jpg","type":"image\/jpeg"}],"twitter_card":"summary_large_image","twitter_misc":{"Dur\u00e9e de lecture estim\u00e9e":"1 minute"},"schema":{"@context":"https:\/\/schema.org","@graph":[{"@type":"WebPage","@id":"https:\/\/ambox.ma\/?product=omani-bakhour-almas","url":"https:\/\/ambox.ma\/?product=omani-bakhour-almas","name":"Omani Bakhour - Almas - Ambox","isPartOf":{"@id":"https:\/\/ambox.ma\/#website"},"datePublished":"2025-05-24T09:56:41+00:00","dateModified":"2025-06-07T16:15:54+00:00","breadcrumb":{"@id":"https:\/\/ambox.ma\/?product=omani-bakhour-almas#breadcrumb"},"inLanguage":"fr-FR","potentialAction":[{"@type":"ReadAction","target":["https:\/\/ambox.ma\/?product=omani-bakhour-almas"]}]},{"@type":"BreadcrumbList","@id":"https:\/\/ambox.ma\/?product=omani-bakhour-almas#breadcrumb","itemListElement":[{"@type":"ListItem","position":1,"name":"Accueil","item":"https:\/\/ambox.ma\/"},{"@type":"ListItem","position":2,"name":"Boutique","item":"https:\/\/ambox.ma\/?page_id=832"},{"@type":"ListItem","position":3,"name":"Omani Bakhour &#8211; Almas"}]},{"@type":"WebSite","@id":"https:\/\/ambox.ma\/#website","url":"https:\/\/ambox.ma\/","name":"Ambox","description":"La touche qui change tout","potentialAction":[{"@type":"SearchAction","target":{"@type":"EntryPoint","urlTemplate":"https:\/\/ambox.ma\/?s={search_term_string}"},"query-input":{"@type":"PropertyValueSpecification","valueRequired":true,"valueName":"search_term_string"}}],"inLanguage":"fr-FR"}]}},"_links":{"self":[{"href":"https:\/\/ambox.ma\/index.php?rest_route=\/wp\/v2\/product\/339","targetHints":{"allow":["GET"]}}],"collection":[{"href":"https:\/\/ambox.ma\/index.php?rest_route=\/wp\/v2\/product"}],"about":[{"href":"https:\/\/ambox.ma\/index.php?rest_route=\/wp\/v2\/types\/product"}],"replies":[{"embeddable":true,"href":"https:\/\/ambox.ma\/index.php?rest_route=%2Fwp%2Fv2%2Fcomments&post=339"}],"version-history":[{"count":1,"href":"https:\/\/ambox.ma\/index.php?rest_route=\/wp\/v2\/product\/339\/revisions"}],"predecessor-version":[{"id":1218,"href":"https:\/\/ambox.ma\/index.php?rest_route=\/wp\/v2\/product\/339\/revisions\/1218"}],"wp:attachment":[{"href":"https:\/\/ambox.ma\/index.php?rest_route=%2Fwp%2Fv2%2Fmedia&parent=339"}],"wp:term":[{"taxonomy":"product_brand","embeddable":true,"href":"https:\/\/ambox.ma\/index.php?rest_route=%2Fwp%2Fv2%2Fproduct_brand&post=339"},{"taxonomy":"product_cat","embeddable":true,"href":"https:\/\/ambox.ma\/index.php?rest_route=%2Fwp%2Fv2%2Fproduct_cat&post=339"},{"taxonomy":"product_tag","embeddable":true,"href":"https:\/\/ambox.ma\/index.php?rest_route=%2Fwp%2Fv2%2Fproduct_tag&post=339"}],"curies":[{"name":"wp","href":"https:\/\/api.w.org\/{rel}","templated":true}]}}